{"id":799,"date":"2018-05-02T11:20:06","date_gmt":"2018-05-02T09:20:06","guid":{"rendered":"http:\/\/malvega.arthur-agentur.de\/datenschutz\/"},"modified":"2025-01-21T08:04:34","modified_gmt":"2025-01-21T07:04:34","slug":"data-protection","status":"publish","type":"page","link":"https:\/\/malvega.de\/en\/data-protection\/","title":{"rendered":"DATA PROTECTION"},"content":{"rendered":"<p>Verantwortliche Stelle im Sinne der Datenschutzgesetze, insbesondere der EU-Datenschutzgrundverordnung (DSGVO):<\/p>\n<p><strong>Malvega GmbH<\/strong><br \/>\nBismarckallee 13<br \/>\n53173 Bonn<br \/>\nT. 0228.90.2989.11<br \/>\nF. 0228.90.2989.15<br \/>\nf.breuer@malvega.de<span>\u00a0<\/span><\/p>\n<p><strong>Datenschutzbeauftragter<\/strong><\/p>\n<p>Frank Breuer<br \/>\nBismarckallee 13<br \/>\n53173 Bonn<br \/>\nT. 0228.90.2989.11<br \/>\nF. 0228.90.2989.15<br \/>\nf.breuer@malvega.de<span>\u00a0<\/span><\/p>\n<h2>Sicherheit und Schutz Ihrer Daten<\/h2>\n<p>Wir betrachten es als unsere vorrangige Aufgabe, die Vertraulichkeit der von Ihnen bereitgestellten personenbezogenen Daten zu wahren und diese vor unbefugten Zugriffen zu sch\u00fctzen. Deshalb wenden wir \u00e4u\u00dferste Sorgfalt und modernste Sicherheitsstandards an, um einen maximalen Schutz Ihrer personenbezogenen Daten zu gew\u00e4hrleisten.<\/p>\n<p>Als privatrechtliches Unternehmen unterliegen wir den Bestimmungen der europ\u00e4ischen Datenschutzgrundverordnung (DSGVO) und den Regelungen des Bundesdatenschutzgesetzes (BDSG). Wir haben technische und organisatorische Ma\u00dfnahmen getroffen, die sicherstellen, dass die Vorschriften \u00fcber den Datenschutz sowohl von uns, als auch von unseren externen Dienstleistern beachtet werden.<\/p>\n<h2>Rechtm\u00e4\u00dfigkeit der Verarbeitung<\/h2>\n<p>Die Verarbeitung personenbezogener Daten ist nur rechtm\u00e4\u00dfig, wenn f\u00fcr die Verarbeitung eine Rechtsgrundlage besteht. Rechtsgrundlage f\u00fcr die Verarbeitung k\u00f6nnen gem\u00e4\u00df Artikel 6 Abs. 1 \u00a0lit. 1 \u2013 6 DSGVO insbesondere sein:<\/p>\n<ol>\n<li>Die betroffene Person hat ihre Einwilligung zu der Verarbeitung der sie betreffenden personenbezogenen Daten f\u00fcr einen oder mehrere bestimmte Zwecke gegeben;<\/li>\n<li>die Verarbeitung ist f\u00fcr die Erf\u00fcllung eines Vertrags, dessen Vertragspartei die betroffene Person ist, oder zur Durchf\u00fchrung vorvertraglicher Ma\u00dfnahmen erforderlich, die auf Anfrage der betroffenen Person erfolgen;<\/li>\n<li>die Verarbeitung ist zur Erf\u00fcllung einer rechtlichen Verpflichtung erforderlich, der der Verantwortliche unterliegt;<\/li>\n<li>die Verarbeitung ist erforderlich, um lebenswichtige Interessen der betroffenen Person oder einer anderen nat\u00fcrlichen Person zu sch\u00fctzen;<\/li>\n<li>die Verarbeitung ist f\u00fcr die Wahrnehmung einer Aufgabe erforderlich, die im \u00f6ffentlichen Interesse liegt oder in Aus\u00fcbung \u00f6ffentlicher Gewalt erfolgt, die dem Verantwortlichen \u00fcbertragen wurde;<\/li>\n<li>die Verarbeitung ist zur Wahrung der berechtigten Interessen des Verantwortlichen oder eines Dritten erforderlich, sofern nicht die Interessen oder Grundrechte und Grundfreiheiten der betroffenen Person, die den Schutz personenbezogener Daten erfordern, \u00fcberwiegen, insbesondere dann, wenn es sich bei der betroffenen Person um ein Kind handelt.<\/li>\n<\/ol>\n<h2><\/h2>\n<h2>Erhebung von Daten bei Nutzung unserer Website<\/h2>\n<p>Bei der rein informatorischen Nutzung der Website, also wenn Sie sich nicht registrieren oder uns anderweitig Informationen \u00fcbermitteln, erheben wir nur die personenbezogenen Daten, die Ihr Browser an unseren Server \u00fcbermittelt. Wenn Sie unsere Website betrachten m\u00f6chten, erheben wir die folgenden Daten, die f\u00fcr uns technisch erforderlich sind, um Ihnen unsere Website anzuzeigen und die Stabilit\u00e4t und Sicherheit zu gew\u00e4hrleisten (Rechtsgrundlage ist Art. 6 Abs. 1 S. 1 lit. f DSGVO):<\/p>\n<ul>\n<li>IP-Adresse<\/li>\n<li>Datum und Uhrzeit der Anfrage<\/li>\n<li>Zeitzonendifferenz zur Greenwich Mean Time (GMT)<\/li>\n<li>Inhalt der Anforderung (konkrete Seite)<\/li>\n<li>Zugriffsstatus\/HTTP-Statuscode<\/li>\n<li>jeweils \u00fcbertragene Datenmenge<\/li>\n<li>Website, von der die Anforderung kommt<\/li>\n<li>Browser<\/li>\n<li>Betriebssystem und dessen Oberfl\u00e4che<\/li>\n<li>Sprache und Version der Browsersoftware.<\/li>\n<\/ul>\n<h2><\/h2>\n<h2>SSL-Verschl\u00fcsselung<\/h2>\n<p>Um die Sicherheit Ihrer Daten bei der \u00dcbertragung zu sch\u00fctzen, verwenden wir dem aktuellen Stand der Technik entsprechende Verschl\u00fcsselungsverfahren wie SSL \u00fcber HTTPS.<strong>\u00a0<\/strong><\/p>\n<h2>Erweiterte Funktionen und Angebote unserer Website<\/h2>\n<p>(1) Neben der rein informatorischen Nutzung unserer Website bieten wir verschiedene Leistungen an, die Sie bei Interesse nutzen k\u00f6nnen. Dazu m\u00fcssen Sie in der Regel weitere personenbezogene Daten angeben, die wir zur Erbringung der jeweiligen Leistung nutzen und f\u00fcr die die zuvor genannten Grunds\u00e4tze zur Datenverarbeitung gelten.<\/p>\n<p>(2) Teilweise bedienen wir uns zur Verarbeitung Ihrer Daten externer Dienstleister. Diese wurden von uns sorgf\u00e4ltig ausgew\u00e4hlt und beauftragt, sind an unsere Weisungen gebunden und werden regelm\u00e4\u00dfig kontrolliert.<\/p>\n<p>(3) Weiterhin k\u00f6nnen wir Ihre personenbezogenen Daten an Dritte weitergeben, wenn Aktionsteilnahmen, Gewinnspiele, Vertragsabschl\u00fcsse oder \u00e4hnliche Leistungen von uns gemeinsam mit Partnern angeboten werden. N\u00e4here Informationen hierzu erhalten Sie bei Angabe Ihrer personenbezogenen Daten oder untenstehend in der Beschreibung des Angebotes.<\/p>\n<p>(4) Soweit unsere Dienstleister oder Partner ihren Sitz in einem Staat au\u00dferhalb des Europ\u00e4ischen Wirtschaftsraumen (EWR) haben, informieren wir Sie \u00fcber die Folgen dieses Umstands in der Beschreibung des Angebotes.<\/p>\n<h2>Cookies<\/h2>\n<p>Bei der Nutzung unserer Website werden Cookies auf Ihrem Rechner gespeichert. Bei Cookies handelt es sich um kleine Textdateien, die auf Ihrer Festplatte dem von Ihnen verwendeten Browser zugeordnet gespeichert werden und durch welche der Stelle, die den Cookie setzt, bestimmte Informationen zuflie\u00dfen. Cookies k\u00f6nnen keine Programme ausf\u00fchren oder Viren auf Ihren Computer \u00fcbertragen. Sie dienen dazu, das Internetangebot insgesamt nutzerfreundlicher und effektiver zu machen.<\/p>\n<p>Sie k\u00f6nnen unsere Website grunds\u00e4tzlich auch ohne Cookies betrachten. Internet-Browser sind regelm\u00e4\u00dfig so eingestellt, dass sie Cookies akzeptieren. Im Allgemeinen k\u00f6nnen Sie die Verwendung von Cookies jederzeit \u00fcber die Einstellungen Ihres Browsers deaktivieren. Au\u00dferdem empfehlen wir, regelm\u00e4\u00dfig Ihre Cookies und den Browser-Verlauf manuell zu l\u00f6schen.<\/p>\n<h2>Kontaktformular<\/h2>\n<p>Treten Sie per E-Mail oder Kontaktformular mit uns in Verbindung, erteilen Sie uns zum Zwecke der Kontaktaufnahme Ihre freiwillige Einwilligung. Hierf\u00fcr ist die Angabe einer validen E-Mail-Adresse erforderlich. Diese dient der Zuordnung der Anfrage und der anschlie\u00dfenden Beantwortung derselben. Die gemachten Angaben werden zum Zwecke der Bearbeitung der Anfrage sowie f\u00fcr eventuelle Anschlussfragen gespeichert. Ihr Angaben k\u00f6nnen auch in einem Customer-Relationship-Management System (CRM System) gespeichert werden.<\/p>\n<p>Nach Erledigung der von Ihnen gestellten Anfrage, werden personenbezogene Daten gel\u00f6scht.<\/p>\n<h2>Tracking<\/h2>\n<p class=\"p1\"><span class=\"s1\">Zur statistischen Erfassung und Auswertung der Nutzerstr\u00f6me speichert diese Website anonymisierte Nutzerdaten wie die IP Adresse \u00fcber das WordPress Plugin \u201eWP-Statistics\u201c. Die Daten werden nicht an Dritte weitergegeben. Die Im Rahmen des Tracking \u00fcbermittelten anonymisierten IP-Adressen werden nicht mit anderen Daten zusammengef\u00fchrt.<\/span><\/p>\n<h2>google Analytics<\/h2>\n<p>(1) Diese Website benutzt Google Analytics, einen Webanalysedienst der Google Inc. (\u201eGoogle\u201c). Google Analytics verwendet sog. \u201eCookies\u201c, Textdateien, die auf Ihrem Computer gespeichert werden und die eine Analyse der Benutzung der Website durch Sie erm\u00f6glichen. Die durch das Cookie erzeugten Informationen \u00fcber Ihre Benutzung dieser Website werden in der Regel an einen Server von Google in den USA \u00fcbertragen und dort gespeichert. Im Falle der Aktivierung der IP-Anonymisierung auf dieser Website, wird Ihre IP-Adresse von Google jedoch innerhalb von Mitgliedstaaten der Europ\u00e4ischen Union oder in anderen Vertragsstaaten des Abkommens \u00fcber den Europ\u00e4ischen Wirtschaftsraum zuvor gek\u00fcrzt. Nur in Ausnahmef\u00e4llen wird die volle IP-Adresse an einen Server von Google in den USA \u00fcbertragen und dort gek\u00fcrzt. Im Auftrag des Betreibers dieser Website wird Google diese Informationen benutzen, um Ihre Nutzung der Website auszuwerten, um Reports \u00fcber die Website-Aktivit\u00e4ten zusammenzustellen und um weitere mit der Website-Nutzung und der Internetnutzung verbundene Dienstleistungen gegen\u00fcber dem Website-Betreiber zu erbringen.<\/p>\n<p>(2) Die im Rahmen von Google Analytics von Ihrem Browser \u00fcbermittelte IP-Adresse wird nicht mit anderen Daten von Google zusammengef\u00fchrt.<\/p>\n<p>(3) Sie k\u00f6nnen die Speicherung der Cookies durch eine entsprechende Einstellung Ihrer Browser-Software verhindern; wir weisen Sie jedoch darauf hin, dass Sie in diesem Fall gegebenenfalls nicht s\u00e4mtliche Funktionen dieser Website vollumf\u00e4nglich werden nutzen k\u00f6nnen. Sie k\u00f6nnen dar\u00fcber hinaus die Erfassung der durch das Cookie erzeugten und auf Ihre Nutzung der Website bezogenen Daten (inkl. Ihrer IP-Adresse) an Google sowie die Verarbeitung dieser Daten durch Google verhindern, indem sie das unter dem folgenden Link verf\u00fcgbare Browser-Plug-in herunterladen und installieren: <a href=\"http:\/\/tools.google.com\/dlpage\/gaoptout?hl=de\">http:\/\/tools.google.com\/dlpage\/gaoptout?hl=de<\/a>.<\/p>\n<p>(4) Diese Website verwendet Google Analytics mit der Erweiterung \u201e_anonymizeIp()\u201c. Dadurch werden IP-Adressen gek\u00fcrzt weiterverarbeitet, eine Personenbeziehbarkeit kann damit ausgeschlossen werden. Soweit den \u00fcber Sie erhobenen Daten ein Personenbezug zukommt, wird dieser also sofort ausgeschlossen und die personenbezogenen Daten damit umgehend gel\u00f6scht.<\/p>\n<p>(5) Wir nutzen Google Analytics, um die Nutzung unserer Website analysieren und regelm\u00e4\u00dfig verbessern zu k\u00f6nnen. \u00dcber die gewonnenen Statistiken k\u00f6nnen wir unser Angebot verbessern und f\u00fcr Sie als Nutzer interessanter ausgestalten. F\u00fcr die Ausnahmef\u00e4lle, in denen personenbezogene Daten in die USA \u00fcbertragen werden, hat sich Google dem EU-US Privacy Shield unterworfen, https:\/\/www.privacyshield.gov\/EU-US-Framework. Rechtsgrundlage f\u00fcr die Nutzung von Google Analytics ist Art. 6 Abs. 1 S. 1 lit. f DSGVO.<\/p>\n<p>(6) Informationen des Drittanbieters: Google Dublin, Google Ireland Ltd., Gordon House, Barrow Street, Dublin 4, Ireland, Fax: +353 (1) 436\u20091001. Nutzerbedingungen:<\/p>\n<p>http:\/\/www.google.com\/analytics\/terms\/de.html, \u00dcbersicht zum Datenschutz: http:\/\/www.google.com\/intl\/de\/analytics\/learn\/privacy.html, sowie die Datenschutzerkl\u00e4rung: http:\/\/www.google.de\/intl\/de\/policies\/privacy.<\/p>\n<p>(7) Diese Website verwendet Google Analytics zudem f\u00fcr eine ger\u00e4te\u00fcbergreifende Analyse von Besucherstr\u00f6men, die \u00fcber eine User-ID durchgef\u00fchrt wird. Sie k\u00f6nnen in Ihrem Kundenkonto unter \u201eMeine Daten\u201c, \u201epers\u00f6nliche Daten\u201c die ger\u00e4te\u00fcbergreifende Analyse Ihrer Nutzung deaktivieren.<\/p>\n<p>Zus\u00e4tzlich oder als Alternative zum Browser-Add-On k\u00f6nnen Sie das Tracking durch Google Analytics auf unseren Seiten unterbinden, indem Sie [google_analytics_optout]diesen\u00a0Link anklicken.[\/google_analytics_optout] Dabei wird ein Opt-Out-Cookie auf Ihrem Ger\u00e4t installiert. Damit wird die Erfassung durch Google Analytics f\u00fcr diese Website und f\u00fcr diesen Browser zuk\u00fcnftig verhindert, so lange das Cookie in Ihrem Browser installiert bleibt.<\/p>\n<h2>google AdWords<\/h2>\n<p>Wir nutzten, auf Grundlage unserer berechtigten Interessen, den Onlinemarketing-Dienst Google Adwords. Google AdWords ist ein Online-Werbeprogramm von Google Inc., 1600 Amphitheatre Parkway, Mountain View, CA 94043, USA (\u201cGoogle\u201d).\u00a0Google ist unter dem Privacy-Shield-Abkommen zertifiziert und bietet damit eine Garantie, das europ\u00e4ische Datenschutzrecht einzuhalten &#8211; <a href=\"https:\/\/www.privacyshield.gov\/participant?id=a2zt000000001L5AAI&amp;status=Active\">https:\/\/www.privacyshield.gov\/participant?id=a2zt000000001L5AAI&amp;status=Active<\/a><\/p>\n<p>Im Rahmen der Nutzung des Google AdWords-Dienstes, mit dem wir Anzeigen im Google-Werbe-Netzwerk platzieren verwenden wir das sog. Conversion Tracking. Wenn Sie auf eine bei Google geschaltete Anzeige klicken, wird ein Cookie f\u00fcr das Conversion-Tracking auf Ihrem Rechner\/Endger\u00e4t abgelegt. Diese Cookies verlieren nach 30 Tagen ihre G\u00fcltigkeit, enthalten keine personenbezogenen Daten und dienen somit nicht der pers\u00f6nlichen Identifizierung. Die Informationen, die mithilfe des Conversion-Cookie eingeholten werden, dienen dazu, Conversion-Statistiken f\u00fcr AdWords-Kunden zu erstellen, die sich f\u00fcr Conversion-Tracking entschieden haben.<\/p>\n<p>Sie k\u00f6nnen die Speicherung der Cookies durch eine entsprechende Einstellung Ihrer Browser-Software verhindern. Dar\u00fcber hinaus k\u00f6nnen Sie interessenbezogene Anzeigen auf Google sowie interessenbezogene Google Anzeigen im Web (innerhalb des Google Displaynetzwerks) in Ihrem Browser deaktivieren, indem Sie unter <a href=\"http:\/\/www.google.de\/settings\/ads\">http:\/\/www.google.de\/settings\/ads<\/a> die Schaltfl\u00e4che \u201eAus\u201c aktivieren oder die Deaktivierung unter <a href=\"http:\/\/www.aboutads.info\/choices\/\">http:\/\/www.aboutads.info\/choices\/<\/a> vornehmen. Weitere Informationen zu Ihren diesbez\u00fcglichen Einstellungsm\u00f6glichkeiten und dem Datenschutz bei Google finden Sie unter <a href=\"https:\/\/www.google.de\/intl\/de\/policies\/privacy\/?fg=1\">https:\/\/www.google.de\/intl\/de\/policies\/privacy\/?fg=1<\/a>.<\/p>\n<p>Au\u00dferdem verwenden wir die Remarketing-Funktion innerhalb des Google AdWords-Dienstes. Mit der Remarketing-Funktion k\u00f6nnen wir Nutzern unserer Website auf anderen Websites innerhalb des Google Werbenetzwerks auf deren Interessen basierende Werbeanzeigen pr\u00e4sentieren. Daf\u00fcr wird die Interaktion der Nutzer auf unserer Website analysiert, z.B. f\u00fcr welche Angebote sich der Nutzer interessiert hat, um den Nutzern auch nach dem Besuch unserer Website auf anderen Seiten zielgerichtete Werbung anzeigen zu k\u00f6nnen. Hierf\u00fcr speichert Google eine Zahl in den Browsern von Nutzern, die bestimmte Google-Dienste oder Websites im Google Displaynetzwerk besuchen. \u00dcber diese als \u201cCookie\u201d bezeichnete Zahl werden die Besuche dieser Nutzer erfasst. Diese Zahl dient zur eindeutigen Identifikation eines Webbrowsers auf einem bestimmten Computer und nicht zur Identifikation einer Person, personenbezogene Daten werden nicht gespeichert. Sie k\u00f6nnen die Verwendung von Cookies durch Google deaktivieren, indem Sie dem nachfolgenden Link folgen und das dort bereitgestellte Plug-In herunterladen und installieren: <a href=\"https:\/\/www.google.com\/settings\/ads\/plugin\">https:\/\/www.google.com\/settings\/ads\/plugin<\/a>. N\u00e4here Informationen zu Google Remarketing sowie die Datenschutzerkl\u00e4rung von Google k\u00f6nnen Sie einsehen unter: <a href=\"http:\/\/www.google.com\/privacy\/ads\/\">http:\/\/www.google.com\/privacy\/ads\/<\/a>.<\/p>\n<h2>google Webfonts \u2013 Scriptbibliotheken<\/h2>\n<p>Um die Inhalte unserer Website ansprechend darzustellen, verwenden wir Schriftbibliotheken von Google Webfonts (<a href=\"http:\/\/www.google.com\/webfonts\/%22%20%5Ct%20%22_blank\">https:\/\/www.google.com\/webfonts\/<\/a>). Diese Webfonts werden zur Vermeidung mehrfachen Ladens in den Cache Ihres Browsers \u00fcbertragen. Falls der Browser die Google Webfonts nicht unterst\u00fctzt oder den Zugriff unterbindet, werden Inhalte in einer Standardschrift angezeigt.<\/p>\n<p>Datenschutzrichtlinie des Betreibers:<span>\u00a0<\/span><a href=\"https:\/\/www.google.com\/policies\/privacy\/\">https:\/\/www.google.com\/policies\/privacy\/<\/a><\/p>\n<h2>Nutzung der Website durch Kinder<\/h2>\n<p>Unser Angebot richtet sich an Erwachsene. Personen unter 18 Jahren sollen ohne Zustimmung der Eltern oder Erziehungsberechtigten keine personenbezogenen Daten an uns \u00fcbermitteln.<\/p>\n<h2>Erhebung von Daten f\u00fcr Agentur-Dienstleistungen<\/h2>\n<p>Wir verarbeiten Daten unserer Kunden im Rahmen vertraglicher Leistungen zu denen ua. konzeptionelle und strategische Beratung, Design, Web- und Softwarentwicklung, Serveradministration, Datenanalyse, Entwicklung und Umsetzung von Kampagnen, Suchmaschinenoptimierung, Beratungsleistungen und Schulungen geh\u00f6ren.<\/p>\n<p>Bei der Erbringung unsere Leistungen verarbeiten wir Kunden-und Bestandsdaten. Dazu z\u00e4hlen Kundendaten, wie Namen oder Adressen, Kontaktdaten wie E-Mail und Telefonnummern, Inhaltsdaten wie Texte, Fotografien und Videos, Vertragsdaten wie Vertragsgegenstand und Laufzeiten, Zahlungsdaten wie Bankverbindung und Zahlungshistorie, Nutzungs- und Metadaten im Rahmen der Auswertung und Erfolgsmessung von Marketingma\u00dfnahmen.<br \/>\nBesondere personenbezogener Daten verarbeiten wir grunds\u00e4tzlich nicht, au\u00dfer wenn diese Bestandteil einer beauftragten Verarbeitung sind. Zu den Betroffenen geh\u00f6ren unsere Kunden, Interessenten sowie deren Kunden, Nutzer, Websitebesucher oder Mitarbeiter sowie Dritte. Der Zweck der Verarbeitung besteht in der Erbringung von Vertragsleistungen, Abrechnung und unserem Kundenservice. Die Rechtsgrundlagen der Verarbeitung ergeben sich aus Art. 6 Abs. 1 lit. b DSGVO (vertragliche Leistungen), Art. 6 Abs. 1 lit. f DSGVO (Analyse, Statistik, Optimierung, Sicherheitsma\u00dfnahmen).<\/p>\n<p>Wir verarbeiten Daten, die zur Erf\u00fcllung der vertraglichen Leistungen erforderlich sind und weisen auf die Erforderlichkeit ihrer Angabe hin. Eine Offenlegung an Externe erfolgt nur, wenn sie im Rahmen eines Auftrags erforderlich ist. Bei der Verarbeitung der uns im Rahmen eines Auftrags \u00fcberlassenen Daten handeln wir entsprechend den Weisungen der Auftraggeber sowie der gesetzlichen Vorgaben einer Auftragsverarbeitung gem. Art. 28 DSGVO und verarbeiten die Daten zu keinen anderen, als den auftragsgem\u00e4\u00dfen Zwecken.<\/p>\n<p>Wir l\u00f6schen die Daten nach Ablauf gesetzlicher Gew\u00e4hrleistungs- und vergleichbarer Pflichten. die Erforderlichkeit der Aufbewahrung der Daten wird alle drei Jahre \u00fcberpr\u00fcft; im Fall der gesetzlichen Archivierungspflichten erfolgt die L\u00f6schung nach deren Ablauf (6 J, gem. \u00a7 257 Abs. 1 HGB, 10 J, gem. \u00a7 147 Abs. 1 AO). Im Fall von Daten, die uns gegen\u00fcber im Rahmen eines Auftrags durch den Auftraggeber offengelegt wurden, l\u00f6schen wir die Daten entsprechend den Vorgaben des Auftrags, grunds\u00e4tzlich nach Ende des Auftrags.<\/p>\n<h2>Auftragsverarbeiter<\/h2>\n<p>Wir bedienen uns externen Dienstleister (Auftragsverarbeiter) z. B. f\u00fcr den Versand von Waren, Newsletter oder Zahlungsabwicklungen. Mit dem Dienstleister wurde eine separate Auftragsdatenverarbeitung geschlossen, um den Schutz Ihrer personenbezogenen Daten zu gew\u00e4hrleisten.<\/p>\n<h2>Betroffenenrechte<\/h2>\n<ul>\n<li>Widerruf Ihrer Einwilligung<br \/>\nSofern die Verarbeitung der personenbezogenen Daten auf einer erteilten Einwilligung beruht, haben Sie jederzeit das Recht, die Einwilligung zu widerrufen. Durch den Widerruf der Einwilligung wird die Rechtm\u00e4\u00dfigkeit der aufgrund der Einwilligung bis zum Widerruf erfolgten Verarbeitung nicht ber\u00fchrt.<\/li>\n<li>Recht auf Best\u00e4tigung<br \/>\nSie haben das Recht, von dem Verantwortlichen eine Best\u00e4tigung dar\u00fcber zu verlangen, ob wir betreffende personenbezogene Daten verarbeiten. Die Best\u00e4tigung k\u00f6nnen Sie jederzeit unter den oben genannten Kontaktdaten verlangen.<\/li>\n<li>Auskunftsrecht<\/li>\n<li>Recht auf Berichtigung<\/li>\n<li>Recht auf L\u00f6schung (\u201eRecht auf vergessen werden\u201c)<\/li>\n<li>Recht auf Einschr\u00e4nkung der Verarbeitung<\/li>\n<li>Recht auf Daten\u00fcbertragbarkeit<\/li>\n<li>Widerspruchsrecht<\/li>\n<li>Automatisierte Entscheidungen im Einzelfall einschlie\u00dflich Profiling<\/li>\n<li>Recht auf Beschwerde bei einer Aufsichtsbeh\u00f6rde<\/li>\n<li>Recht auf wirksamen gerichtlichen Rechtsbehelf<\/li>\n<\/ul>\n<h2><\/h2>\n<h2>\u00c4nderung unserer Datenschutzbestimmungen<\/h2>\n<p>Wir behalten uns vor, diese Datenschutzerkl\u00e4rung anzupassen, damit sie stets den aktuellen rechtlichen Anforderungen entspricht oder um \u00c4nderungen unserer Leistungen in der Datenschutzerkl\u00e4rung umzusetzen, z.B. bei der Einf\u00fchrung neuer Services. F\u00fcr Ihren erneuten Besuch gilt dann die neue Datenschutzerkl\u00e4rung.<\/p>\n<p>Stand 25.05.2018<\/p>\n","protected":false},"excerpt":{"rendered":"<p>Verantwortliche Stelle im Sinne der Datenschutzgesetze, insbesondere der EU-Datenschutzgrundverordnung (DSGVO): Malvega GmbH Bismarckallee 13 53173 Bonn T. 0228.90.2989.11 F. 0228.90.2989.15 f.breuer@malvega.de\u00a0 Datenschutzbeauftragter Frank Breuer Bismarckallee 13 53173 Bonn T. 0228.90.2989.11 F. 0228.90.2989.15 f.breuer@malvega.de\u00a0 Sicherheit und Schutz Ihrer Daten Wir betrachten es als unsere vorrangige Aufgabe, die Vertraulichkeit der von Ihnen bereitgestellten personenbezogenen Daten zu wahren und diese vor unbefugten Zugriffen zu sch\u00fctzen. Deshalb wenden wir \u00e4u\u00dferste Sorgfalt und modernste Sicherheitsstandards an, um einen maximalen Schutz Ihrer personenbezogenen Daten zu gew\u00e4hrleisten. Als privatrechtliches Unternehmen unterliegen wir den Bestimmungen der europ\u00e4ischen Datenschutzgrundverordnung (DSGVO) und den Regelungen des Bundesdatenschutzgesetzes (BDSG). Wir haben technische und organisatorische Ma\u00dfnahmen getroffen, die <a class=\"system-more\" href=\"https:\/\/malvega.de\/en\/data-protection\/\">[mehr]<\/a><\/p>\n","protected":false},"author":1,"featured_media":0,"parent":0,"menu_order":0,"comment_status":"closed","ping_status":"closed","template":"","meta":{"_acf_changed":false,"footnotes":""},"class_list":["post-799","page","type-page","status-publish","hentry"],"acf":[],"aioseo_notices":[],"_links":{"self":[{"href":"https:\/\/malvega.de\/en\/wp-json\/wp\/v2\/pages\/799","targetHints":{"allow":["GET"]}}],"collection":[{"href":"https:\/\/malvega.de\/en\/wp-json\/wp\/v2\/pages"}],"about":[{"href":"https:\/\/malvega.de\/en\/wp-json\/wp\/v2\/types\/page"}],"author":[{"embeddable":true,"href":"https:\/\/malvega.de\/en\/wp-json\/wp\/v2\/users\/1"}],"replies":[{"embeddable":true,"href":"https:\/\/malvega.de\/en\/wp-json\/wp\/v2\/comments?post=799"}],"version-history":[{"count":2,"href":"https:\/\/malvega.de\/en\/wp-json\/wp\/v2\/pages\/799\/revisions"}],"predecessor-version":[{"id":2398,"href":"https:\/\/malvega.de\/en\/wp-json\/wp\/v2\/pages\/799\/revisions\/2398"}],"wp:attachment":[{"href":"https:\/\/malvega.de\/en\/wp-json\/wp\/v2\/media?parent=799"}],"curies":[{"name":"wp","href":"https:\/\/api.w.org\/{rel}","templated":true}]}}